{"id":651,"date":"2026-01-30T12:07:05","date_gmt":"2026-01-30T11:07:05","guid":{"rendered":"http:\/\/www.espritlivre.be\/?page_id=651"},"modified":"2026-01-30T12:07:05","modified_gmt":"2026-01-30T11:07:05","slug":"inscription-formation-et-si-vous-le-disiez-autrement","status":"publish","type":"page","link":"http:\/\/www.espritlivre.be\/index.php\/inscription-formation-et-si-vous-le-disiez-autrement\/","title":{"rendered":"Inscription Formation &#8220;Et si vous le disiez autrement ?&#8221;"},"content":{"rendered":"\n<p class=\"has-text-align-center\">Inscription Formation :<br>&#8220;Et si vous le disiez autrement ?&#8221;<\/p>\n\n\n<div class=\"wpforms-container wpforms-container-full wpforms-render-modern\" id=\"wpforms-652\"><form id=\"wpforms-form-652\" class=\"wpforms-validate wpforms-form wpforms-ajax-form\" data-formid=\"652\" method=\"post\" enctype=\"multipart\/form-data\" action=\"\/index.php\/wp-json\/wp\/v2\/pages\/651\" data-token=\"8ba5ab48e068af4336b41e614372b2a1\" data-token-time=\"1775731135\"><noscript class=\"wpforms-error-noscript\">Please enable JavaScript in your browser to complete this form.<\/noscript><div class=\"wpforms-hidden\" id=\"wpforms-error-noscript\">Please enable JavaScript in your browser to complete this form.<\/div><div class=\"wpforms-field-container\"><div id=\"wpforms-652-field_1-container\" class=\"wpforms-field wpforms-field-name\" data-field-id=\"1\"><label class=\"wpforms-field-label\" for=\"wpforms-652-field_1\">NOM, Pr\u00e9nom <span class=\"wpforms-required-label\" aria-hidden=\"true\">*<\/span><\/label><input type=\"text\" id=\"wpforms-652-field_1\" class=\"wpforms-field-medium wpforms-field-required\" name=\"wpforms[fields][1]\" aria-errormessage=\"wpforms-652-field_1-error\" required><\/div><div id=\"wpforms-652-field_2-container\" class=\"wpforms-field wpforms-field-email\" data-field-id=\"2\"><label class=\"wpforms-field-label\" for=\"wpforms-652-field_2\">Email <span class=\"wpforms-required-label\" aria-hidden=\"true\">*<\/span><\/label><input type=\"email\" id=\"wpforms-652-field_2\" class=\"wpforms-field-medium wpforms-field-required\" name=\"wpforms[fields][2]\" spellcheck=\"false\" aria-errormessage=\"wpforms-652-field_2-error\" required><\/div><div id=\"wpforms-652-field_13-container\" class=\"wpforms-field wpforms-field-checkbox\" data-field-id=\"13\"><fieldset><legend class=\"wpforms-field-label\">Vous confirmez votre inscription aux 3 s\u00e9ances d&#039;ateliers suivantes : les 30\/09, 07\/10 et 14\/10\/2026 de 13h30 \u00e0 17h \u00e0 L&#039;Esprit Livre ? <span class=\"wpforms-required-label\" aria-hidden=\"true\">*<\/span><\/legend><ul id=\"wpforms-652-field_13\" class=\"wpforms-field-required\"><li class=\"choice-1 depth-1\"><input type=\"checkbox\" id=\"wpforms-652-field_13_1\" name=\"wpforms[fields][13][]\" value=\"Oui\" aria-errormessage=\"wpforms-652-field_13_1-error\" required ><label class=\"wpforms-field-label-inline\" for=\"wpforms-652-field_13_1\">Oui<\/label><\/li><\/ul><\/fieldset><\/div>\t\t<div id=\"wpforms-652-field_3-container\"\n\t\t\tclass=\"wpforms-field wpforms-field-text\"\n\t\t\tdata-field-type=\"text\"\n\t\t\tdata-field-id=\"3\"\n\t\t\t>\n\t\t\t<label class=\"wpforms-field-label\" for=\"wpforms-652-field_3\" >prise durant \u00e0<\/label>\n\t\t\t<input type=\"text\" id=\"wpforms-652-field_3\" class=\"wpforms-field-medium\" name=\"wpforms[fields][3]\" >\n\t\t<\/div>\n\t\t<div id=\"wpforms-652-field_12-container\" class=\"wpforms-field wpforms-field-checkbox\" data-field-id=\"12\"><fieldset><legend class=\"wpforms-field-label\">Venez-vous en couple ? <span class=\"wpforms-required-label\" aria-hidden=\"true\">*<\/span><\/legend><ul id=\"wpforms-652-field_12\" class=\"wpforms-field-required\"><li class=\"choice-1 depth-1\"><input type=\"checkbox\" id=\"wpforms-652-field_12_1\" name=\"wpforms[fields][12][]\" value=\"Oui\" aria-errormessage=\"wpforms-652-field_12_1-error\" required ><label class=\"wpforms-field-label-inline\" for=\"wpforms-652-field_12_1\">Oui<\/label><\/li><li class=\"choice-2 depth-1\"><input type=\"checkbox\" id=\"wpforms-652-field_12_2\" name=\"wpforms[fields][12][]\" value=\"Non\" aria-errormessage=\"wpforms-652-field_12_2-error\" required ><label class=\"wpforms-field-label-inline\" for=\"wpforms-652-field_12_2\">Non<\/label><\/li><\/ul><\/fieldset><\/div><div id=\"wpforms-652-field_11-container\" class=\"wpforms-field wpforms-field-textarea\" data-field-id=\"11\"><label class=\"wpforms-field-label\" for=\"wpforms-652-field_11\">Une prise en charge des enfants des participant\u00b7e\u00b7s est envisag\u00e9e pendant les ateliers, en dehors de l&#039;espace de formation. Souhaiteriez-vous int\u00e9ress\u00e9\u00b7e\u00b7s que vos enfants soient gard\u00e9s durant ces s\u00e9ances ? <\/label><textarea id=\"wpforms-652-field_11\" class=\"wpforms-field-medium\" name=\"wpforms[fields][11]\" aria-errormessage=\"wpforms-652-field_11-error\" aria-describedby=\"wpforms-652-field_11-description\" ><\/textarea><div id=\"wpforms-652-field_11-description\" class=\"wpforms-field-description\">Si oui, merci de pr\u00e9ciser leur nombre et leur(s) \u00e2ge(s).<\/div><\/div><script>\n\t\t\t\t( function() {\n\t\t\t\t\tconst style = document.createElement( 'style' );\n\t\t\t\t\tstyle.appendChild( document.createTextNode( '#wpforms-652-field_3-container { position: absolute !important; overflow: hidden !important; display: inline !important; height: 1px !important; width: 1px !important; z-index: -1000 !important; padding: 0 !important; } #wpforms-652-field_3-container input { visibility: hidden; } #wpforms-conversational-form-page #wpforms-652-field_3-container label { counter-increment: none; }' ) );\n\t\t\t\t\tdocument.head.appendChild( style );\n\t\t\t\t\tdocument.currentScript?.remove();\n\t\t\t\t} )();\n\t\t\t<\/script><\/div><!-- .wpforms-field-container --><div class=\"wpforms-submit-container\" ><input type=\"hidden\" name=\"wpforms[id]\" value=\"652\"><input type=\"hidden\" name=\"page_title\" value=\"\"><input type=\"hidden\" name=\"page_url\" value=\"http:\/\/www.espritlivre.be\/index.php\/wp-json\/wp\/v2\/pages\/651\"><input type=\"hidden\" name=\"url_referer\" value=\"\"><button type=\"submit\" name=\"wpforms[submit]\" id=\"wpforms-submit-652\" class=\"wpforms-submit\" data-alt-text=\"Envoi...\" data-submit-text=\"Confirmer\" aria-live=\"assertive\" value=\"wpforms-submit\">Confirmer<\/button><img loading=\"lazy\" decoding=\"async\" src=\"http:\/\/www.espritlivre.be\/wp-content\/plugins\/wpforms-lite\/assets\/images\/submit-spin.svg\" class=\"wpforms-submit-spinner\" style=\"display: none;\" width=\"26\" height=\"26\" alt=\"Loading\"><\/div><\/form><\/div>  <!-- .wpforms-container -->\n","protected":false},"excerpt":{"rendered":"<p>Inscription Formation :&#8220;Et si vous le disiez autrement ?&#8221;<\/p>\n","protected":false},"author":1,"featured_media":0,"parent":0,"menu_order":0,"comment_status":"closed","ping_status":"closed","template":"","meta":{"_EventAllDay":false,"_EventTimezone":"","_EventStartDate":"","_EventEndDate":"","_EventStartDateUTC":"","_EventEndDateUTC":"","_EventShowMap":false,"_EventShowMapLink":false,"_EventURL":"","_EventCost":"","_EventCostDescription":"","_EventCurrencySymbol":"","_EventCurrencyCode":"","_EventCurrencyPosition":"","_EventDateTimeSeparator":"","_EventTimeRangeSeparator":"","_EventOrganizerID":[],"_EventVenueID":[],"_OrganizerEmail":"","_OrganizerPhone":"","_OrganizerWebsite":"","_VenueAddress":"","_VenueCity":"","_VenueCountry":"","_VenueProvince":"","_VenueState":"","_VenueZip":"","_VenuePhone":"","_VenueURL":"","_VenueStateProvince":"","_VenueLat":"","_VenueLng":"","_VenueShowMap":false,"_VenueShowMapLink":false,"footnotes":""},"class_list":["post-651","page","type-page","status-publish","hentry"],"_links":{"self":[{"href":"http:\/\/www.espritlivre.be\/index.php\/wp-json\/wp\/v2\/pages\/651","targetHints":{"allow":["GET"]}}],"collection":[{"href":"http:\/\/www.espritlivre.be\/index.php\/wp-json\/wp\/v2\/pages"}],"about":[{"href":"http:\/\/www.espritlivre.be\/index.php\/wp-json\/wp\/v2\/types\/page"}],"author":[{"embeddable":true,"href":"http:\/\/www.espritlivre.be\/index.php\/wp-json\/wp\/v2\/users\/1"}],"replies":[{"embeddable":true,"href":"http:\/\/www.espritlivre.be\/index.php\/wp-json\/wp\/v2\/comments?post=651"}],"version-history":[{"count":1,"href":"http:\/\/www.espritlivre.be\/index.php\/wp-json\/wp\/v2\/pages\/651\/revisions"}],"predecessor-version":[{"id":656,"href":"http:\/\/www.espritlivre.be\/index.php\/wp-json\/wp\/v2\/pages\/651\/revisions\/656"}],"wp:attachment":[{"href":"http:\/\/www.espritlivre.be\/index.php\/wp-json\/wp\/v2\/media?parent=651"}],"curies":[{"name":"wp","href":"https:\/\/api.w.org\/{rel}","templated":true}]}}