{"id":438,"date":"2025-06-30T15:26:27","date_gmt":"2025-06-30T13:26:27","guid":{"rendered":"http:\/\/www.espritlivre.be\/?page_id=438"},"modified":"2026-01-06T12:15:11","modified_gmt":"2026-01-06T11:15:11","slug":"inscription","status":"publish","type":"page","link":"http:\/\/www.espritlivre.be\/index.php\/inscription\/","title":{"rendered":"R\u00e9servation Souper &#8211; Conf\u00e9rence"},"content":{"rendered":"\n<h2 class=\"wp-block-heading has-text-align-center\">&#8211; R\u00e9servation &#8211;<br>SOUPER du 24 janvier 2026<br>A l&#8217;occasion de la conf\u00e9rence<br>&#8220;Le loup entre crainte et fascination&#8221;<br><\/h2>\n\n\n<div class=\"wpforms-container wpforms-container-full wpforms-render-modern\" id=\"wpforms-432\"><form id=\"wpforms-form-432\" class=\"wpforms-validate wpforms-form wpforms-ajax-form\" data-formid=\"432\" method=\"post\" enctype=\"multipart\/form-data\" action=\"\/index.php\/wp-json\/wp\/v2\/pages\/438\" data-token=\"c2785513741e0ccc59647b21f0518699\" data-token-time=\"1777116329\"><noscript class=\"wpforms-error-noscript\">Please enable JavaScript in your browser to complete this form.<\/noscript><div class=\"wpforms-hidden\" id=\"wpforms-error-noscript\">Please enable JavaScript in your browser to complete this form.<\/div><div class=\"wpforms-field-container\">\t\t<div id=\"wpforms-432-field_3-container\"\n\t\t\tclass=\"wpforms-field wpforms-field-text\"\n\t\t\tdata-field-type=\"text\"\n\t\t\tdata-field-id=\"3\"\n\t\t\t>\n\t\t\t<label class=\"wpforms-field-label\" for=\"wpforms-432-field_3\" >combien : r\u00e9servation<\/label>\n\t\t\t<input type=\"text\" id=\"wpforms-432-field_3\" class=\"wpforms-field-medium\" name=\"wpforms[fields][3]\" >\n\t\t<\/div>\n\t\t<div id=\"wpforms-432-field_2-container\" class=\"wpforms-field wpforms-field-email\" data-field-id=\"2\"><label class=\"wpforms-field-label\" for=\"wpforms-432-field_2\">Email <span class=\"wpforms-required-label\" aria-hidden=\"true\">*<\/span><\/label><input type=\"email\" id=\"wpforms-432-field_2\" class=\"wpforms-field-medium wpforms-field-required\" name=\"wpforms[fields][2]\" spellcheck=\"false\" aria-errormessage=\"wpforms-432-field_2-error\" required><\/div><div id=\"wpforms-432-field_1-container\" class=\"wpforms-field wpforms-field-name\" data-field-id=\"1\"><label class=\"wpforms-field-label\" for=\"wpforms-432-field_1\">NOM, Pr\u00e9nom <span class=\"wpforms-required-label\" aria-hidden=\"true\">*<\/span><\/label><input type=\"text\" id=\"wpforms-432-field_1\" class=\"wpforms-field-medium wpforms-field-required\" name=\"wpforms[fields][1]\" aria-errormessage=\"wpforms-432-field_1-error\" required><\/div><div id=\"wpforms-432-field_9-container\" class=\"wpforms-field wpforms-field-number\" data-field-id=\"9\"><label class=\"wpforms-field-label\" for=\"wpforms-432-field_9\">R\u00e9servation pour combien de personne(s) :<\/label><input type=\"number\" id=\"wpforms-432-field_9\" class=\"wpforms-field-medium\" name=\"wpforms[fields][9]\" min=\"1\" max=\"20\" step=\"any\" aria-errormessage=\"wpforms-432-field_9-error\" ><\/div><div id=\"wpforms-432-field_8-container\" class=\"wpforms-field wpforms-field-number\" data-field-id=\"8\"><label class=\"wpforms-field-label\" for=\"wpforms-432-field_8\">S&#039;il y a, dans votre r\u00e9servation une ou plusieurs personnes v\u00e9g\u00e9tariennes, merci de pr\u00e9ciser combien :<\/label><input type=\"number\" id=\"wpforms-432-field_8\" class=\"wpforms-field-medium\" name=\"wpforms[fields][8]\" min=\"1\" max=\"20\" step=\"any\" aria-errormessage=\"wpforms-432-field_8-error\" ><\/div><script>\n\t\t\t\t( function() {\n\t\t\t\t\tconst style = document.createElement( 'style' );\n\t\t\t\t\tstyle.appendChild( document.createTextNode( '#wpforms-432-field_3-container { position: absolute !important; overflow: hidden !important; display: inline !important; height: 1px !important; width: 1px !important; z-index: -1000 !important; padding: 0 !important; } #wpforms-432-field_3-container input { visibility: hidden; } #wpforms-conversational-form-page #wpforms-432-field_3-container label { counter-increment: none; }' ) );\n\t\t\t\t\tdocument.head.appendChild( style );\n\t\t\t\t\tdocument.currentScript?.remove();\n\t\t\t\t} )();\n\t\t\t<\/script><\/div><!-- .wpforms-field-container --><div class=\"wpforms-submit-container\" ><input type=\"hidden\" name=\"wpforms[id]\" value=\"432\"><input type=\"hidden\" name=\"page_title\" value=\"\"><input type=\"hidden\" name=\"page_url\" value=\"http:\/\/www.espritlivre.be\/index.php\/wp-json\/wp\/v2\/pages\/438\"><input type=\"hidden\" name=\"url_referer\" value=\"\"><button type=\"submit\" name=\"wpforms[submit]\" id=\"wpforms-submit-432\" class=\"wpforms-submit\" data-alt-text=\"Envoi...\" data-submit-text=\"Confirmer\" aria-live=\"assertive\" value=\"wpforms-submit\">Confirmer<\/button><img loading=\"lazy\" decoding=\"async\" src=\"http:\/\/www.espritlivre.be\/wp-content\/plugins\/wpforms-lite\/assets\/images\/submit-spin.svg\" class=\"wpforms-submit-spinner\" style=\"display: none;\" width=\"26\" height=\"26\" alt=\"Loading\"><\/div><\/form><\/div>  <!-- .wpforms-container -->\n","protected":false},"excerpt":{"rendered":"<p>&#8211; R\u00e9servation &#8211;SOUPER du 24 janvier 2026A l&#8217;occasion de la conf\u00e9rence&#8220;Le loup entre crainte et fascination&#8221;<\/p>\n","protected":false},"author":1,"featured_media":0,"parent":0,"menu_order":0,"comment_status":"closed","ping_status":"closed","template":"","meta":{"_EventAllDay":false,"_EventTimezone":"","_EventStartDate":"","_EventEndDate":"","_EventStartDateUTC":"","_EventEndDateUTC":"","_EventShowMap":false,"_EventShowMapLink":false,"_EventURL":"","_EventCost":"","_EventCostDescription":"","_EventCurrencySymbol":"","_EventCurrencyCode":"","_EventCurrencyPosition":"","_EventDateTimeSeparator":"","_EventTimeRangeSeparator":"","_EventOrganizerID":[],"_EventVenueID":[],"_OrganizerEmail":"","_OrganizerPhone":"","_OrganizerWebsite":"","_VenueAddress":"","_VenueCity":"","_VenueCountry":"","_VenueProvince":"","_VenueState":"","_VenueZip":"","_VenuePhone":"","_VenueURL":"","_VenueStateProvince":"","_VenueLat":"","_VenueLng":"","_VenueShowMap":false,"_VenueShowMapLink":false,"footnotes":""},"class_list":["post-438","page","type-page","status-publish","hentry"],"_links":{"self":[{"href":"http:\/\/www.espritlivre.be\/index.php\/wp-json\/wp\/v2\/pages\/438","targetHints":{"allow":["GET"]}}],"collection":[{"href":"http:\/\/www.espritlivre.be\/index.php\/wp-json\/wp\/v2\/pages"}],"about":[{"href":"http:\/\/www.espritlivre.be\/index.php\/wp-json\/wp\/v2\/types\/page"}],"author":[{"embeddable":true,"href":"http:\/\/www.espritlivre.be\/index.php\/wp-json\/wp\/v2\/users\/1"}],"replies":[{"embeddable":true,"href":"http:\/\/www.espritlivre.be\/index.php\/wp-json\/wp\/v2\/comments?post=438"}],"version-history":[{"count":6,"href":"http:\/\/www.espritlivre.be\/index.php\/wp-json\/wp\/v2\/pages\/438\/revisions"}],"predecessor-version":[{"id":613,"href":"http:\/\/www.espritlivre.be\/index.php\/wp-json\/wp\/v2\/pages\/438\/revisions\/613"}],"wp:attachment":[{"href":"http:\/\/www.espritlivre.be\/index.php\/wp-json\/wp\/v2\/media?parent=438"}],"curies":[{"name":"wp","href":"https:\/\/api.w.org\/{rel}","templated":true}]}}