{"id":271,"date":"2025-06-27T00:41:50","date_gmt":"2025-06-26T22:41:50","guid":{"rendered":"http:\/\/www.espritlivre.be\/?page_id=271"},"modified":"2026-02-05T11:20:07","modified_gmt":"2026-02-05T10:20:07","slug":"cafetheque","status":"publish","type":"page","link":"http:\/\/www.espritlivre.be\/index.php\/cafetheque\/","title":{"rendered":"Caf\u00e9th\u00e8que"},"content":{"rendered":"\n<h2 class=\"wp-block-heading has-text-align-center\">caf\u00e9th\u00e8que<\/h2>\n\n\n\n<p class=\"has-text-align-center\">A l&#8217;esprit livre, venez siroter une boisson locale, <br>d\u00e9guster nos cr\u00eapes et croques maison,<br>tout en profitant des espaces biblioth\u00e8que et ludoth\u00e8que <br>accessibles \u00e0 tous les \u00e2ges !<\/p>\n\n\n\n<div style=\"height:30px\" aria-hidden=\"true\" class=\"wp-block-spacer\"><\/div>\n\n\n\n<h3 class=\"wp-block-heading has-text-align-center\" id=\"tags\" style=\"margin-top:0px;margin-right:0px;margin-bottom:20px;margin-left:0px;text-decoration:underline\">au menu<\/h3>\n\n\n\n<figure class=\"wp-block-image size-full\"><img decoding=\"async\" src=\"http:\/\/www.espritlivre.be\/wp-content\/uploads\/2025\/06\/9-scaled.jpeg\" alt=\"\" class=\"wp-image-417\"\/><\/figure>\n\n\n\n<hr class=\"wp-block-separator has-text-color has-secondary-color has-alpha-channel-opacity has-secondary-background-color has-background\"\/>\n\n\n\n<div style=\"height:15px\" aria-hidden=\"true\" class=\"wp-block-spacer\"><\/div>\n\n\n\n<div class=\"wp-block-group wp-block-widget-area wp-block-sidebar is-layout-flow wp-block-group-is-layout-flow\">\n<div class=\"wp-block-group wp-block-widget has-tertiary-bg-color-background-color has-background is-layout-flow wp-block-group-is-layout-flow\" style=\"border-bottom-color:var(--wp--preset--color--primary);border-bottom-width:6px;padding-top:var(--wp--preset--spacing--30);padding-right:var(--wp--preset--spacing--30);padding-bottom:var(--wp--preset--spacing--40);padding-left:var(--wp--preset--spacing--30)\">\n<h2 class=\"wp-block-heading has-text-align-center has-figtree-font-family has-small-font-size\" id=\"tags\" style=\"margin-top:0px;margin-right:0px;margin-bottom:20px;margin-left:0px;font-style:normal;font-weight:700\">Photos<\/h2>\n\n\n\n<figure class=\"wp-block-gallery has-nested-images columns-default is-cropped wp-block-gallery-1 is-layout-flex wp-block-gallery-is-layout-flex\">\n<figure class=\"wp-block-image size-large\"><img loading=\"lazy\" decoding=\"async\" width=\"2560\" height=\"1707\" data-id=\"382\" src=\"http:\/\/www.espritlivre.be\/wp-content\/uploads\/2025\/06\/Martin-Dellicour-9324-1-scaled.jpg\" alt=\"\" class=\"wp-image-382\" srcset=\"http:\/\/www.espritlivre.be\/wp-content\/uploads\/2025\/06\/Martin-Dellicour-9324-1-scaled.jpg 2560w, http:\/\/www.espritlivre.be\/wp-content\/uploads\/2025\/06\/Martin-Dellicour-9324-1-300x200.jpg 300w\" sizes=\"auto, (max-width: 2560px) 100vw, 2560px\" \/><\/figure>\n\n\n\n<figure class=\"wp-block-image size-large is-style-default\"><img loading=\"lazy\" decoding=\"async\" width=\"1024\" height=\"683\" data-id=\"353\" src=\"http:\/\/www.espritlivre.be\/wp-content\/uploads\/2025\/06\/Martin-Dellicour-9321-1024x683.jpg\" alt=\"\" class=\"wp-image-353\" style=\"aspect-ratio:1;object-fit:cover\" srcset=\"http:\/\/www.espritlivre.be\/wp-content\/uploads\/2025\/06\/Martin-Dellicour-9321-1024x683.jpg 1024w, http:\/\/www.espritlivre.be\/wp-content\/uploads\/2025\/06\/Martin-Dellicour-9321-300x200.jpg 300w, http:\/\/www.espritlivre.be\/wp-content\/uploads\/2025\/06\/Martin-Dellicour-9321-768x512.jpg 768w, http:\/\/www.espritlivre.be\/wp-content\/uploads\/2025\/06\/Martin-Dellicour-9321-1536x1024.jpg 1536w, http:\/\/www.espritlivre.be\/wp-content\/uploads\/2025\/06\/Martin-Dellicour-9321-2048x1365.jpg 2048w, http:\/\/www.espritlivre.be\/wp-content\/uploads\/2025\/06\/Martin-Dellicour-9321-600x400.jpg 600w\" sizes=\"auto, (max-width: 1024px) 100vw, 1024px\" \/><\/figure>\n\n\n\n<figure class=\"wp-block-image size-full has-custom-border is-style-default\"><img loading=\"lazy\" decoding=\"async\" width=\"2560\" height=\"1707\" data-id=\"352\" src=\"http:\/\/www.espritlivre.be\/wp-content\/uploads\/2025\/06\/Martin-Dellicour-9318-scaled.jpg\" alt=\"\" class=\"wp-image-352\" style=\"border-radius:0px;aspect-ratio:16\/9;object-fit:cover\" srcset=\"http:\/\/www.espritlivre.be\/wp-content\/uploads\/2025\/06\/Martin-Dellicour-9318-scaled.jpg 2560w, http:\/\/www.espritlivre.be\/wp-content\/uploads\/2025\/06\/Martin-Dellicour-9318-300x200.jpg 300w, http:\/\/www.espritlivre.be\/wp-content\/uploads\/2025\/06\/Martin-Dellicour-9318-1024x683.jpg 1024w, http:\/\/www.espritlivre.be\/wp-content\/uploads\/2025\/06\/Martin-Dellicour-9318-768x512.jpg 768w\" sizes=\"auto, (max-width: 2560px) 100vw, 2560px\" \/><\/figure>\n<\/figure>\n<\/div>\n<\/div>\n","protected":false},"excerpt":{"rendered":"<p>caf\u00e9th\u00e8que A l&#8217;esprit livre, venez siroter une boisson locale, d\u00e9guster nos cr\u00eapes et croques maison,tout en profitant des espaces biblioth\u00e8que et ludoth\u00e8que accessibles \u00e0 tous les \u00e2ges ! au menu [&hellip;]<\/p>\n","protected":false},"author":1,"featured_media":0,"parent":0,"menu_order":0,"comment_status":"closed","ping_status":"closed","template":"","meta":{"_EventAllDay":false,"_EventTimezone":"","_EventStartDate":"","_EventEndDate":"","_EventStartDateUTC":"","_EventEndDateUTC":"","_EventShowMap":false,"_EventShowMapLink":false,"_EventURL":"","_EventCost":"","_EventCostDescription":"","_EventCurrencySymbol":"","_EventCurrencyCode":"","_EventCurrencyPosition":"","_EventDateTimeSeparator":"","_EventTimeRangeSeparator":"","_EventOrganizerID":[],"_EventVenueID":[],"_OrganizerEmail":"","_OrganizerPhone":"","_OrganizerWebsite":"","_VenueAddress":"","_VenueCity":"","_VenueCountry":"","_VenueProvince":"","_VenueState":"","_VenueZip":"","_VenuePhone":"","_VenueURL":"","_VenueStateProvince":"","_VenueLat":"","_VenueLng":"","_VenueShowMap":false,"_VenueShowMapLink":false,"footnotes":""},"class_list":["post-271","page","type-page","status-publish","hentry"],"_links":{"self":[{"href":"http:\/\/www.espritlivre.be\/index.php\/wp-json\/wp\/v2\/pages\/271","targetHints":{"allow":["GET"]}}],"collection":[{"href":"http:\/\/www.espritlivre.be\/index.php\/wp-json\/wp\/v2\/pages"}],"about":[{"href":"http:\/\/www.espritlivre.be\/index.php\/wp-json\/wp\/v2\/types\/page"}],"author":[{"embeddable":true,"href":"http:\/\/www.espritlivre.be\/index.php\/wp-json\/wp\/v2\/users\/1"}],"replies":[{"embeddable":true,"href":"http:\/\/www.espritlivre.be\/index.php\/wp-json\/wp\/v2\/comments?post=271"}],"version-history":[{"count":13,"href":"http:\/\/www.espritlivre.be\/index.php\/wp-json\/wp\/v2\/pages\/271\/revisions"}],"predecessor-version":[{"id":696,"href":"http:\/\/www.espritlivre.be\/index.php\/wp-json\/wp\/v2\/pages\/271\/revisions\/696"}],"wp:attachment":[{"href":"http:\/\/www.espritlivre.be\/index.php\/wp-json\/wp\/v2\/media?parent=271"}],"curies":[{"name":"wp","href":"https:\/\/api.w.org\/{rel}","templated":true}]}}