{"id":268,"date":"2025-06-27T00:39:01","date_gmt":"2025-06-26T22:39:01","guid":{"rendered":"http:\/\/www.espritlivre.be\/?page_id=268"},"modified":"2026-02-05T11:11:15","modified_gmt":"2026-02-05T10:11:15","slug":"tiers-lieu","status":"publish","type":"page","link":"http:\/\/www.espritlivre.be\/index.php\/tiers-lieu\/","title":{"rendered":"Atelier\/Formation"},"content":{"rendered":"\n<h2 class=\"wp-block-heading has-text-align-center has-secondary-color has-text-color has-link-color wp-elements-1bd4bb55b36f384b38061c01a1e52bf1\">ATELIER\/formation <br>\u00e0 venir&#8230;<\/h2>\n\n\n\n<hr class=\"wp-block-separator has-alpha-channel-opacity\"\/>\n\n\n\n<figure class=\"wp-block-image size-large\"><img decoding=\"async\" src=\"https:\/\/scontent.fbru2-1.fna.fbcdn.net\/v\/t39.30808-6\/627794976_746492731870490_91073724320876573_n.jpg?_nc_cat=104&amp;ccb=1-7&amp;_nc_sid=127cfc&amp;_nc_ohc=abnX4V5IaesQ7kNvwERMRjS&amp;_nc_oc=AdlmzZBkMO5AHDr572iKgcZqK9sSNjQI7LsCGvI7wIzwYQkWzLf-U1ZPqgs-V56Ocj0&amp;_nc_zt=23&amp;_nc_ht=scontent.fbru2-1.fna&amp;_nc_gid=N5iKBfNYyE7qnFW_HkaCNQ&amp;oh=00_Afv5OuQbnptcGPHBirVunzPVtxw8caJ1ZxLBxHcDBCTD5Q&amp;oe=698A2E5E\" alt=\"\"\/><\/figure>\n\n\n\n<div class=\"wp-block-buttons is-content-justification-center is-layout-flex wp-container-core-buttons-is-layout-c3d5205c wp-block-buttons-is-layout-flex\" style=\"margin-top:0;margin-bottom:0\">\n<div class=\"wp-block-button is-style-outline is-style-outline--1\"><a class=\"wp-block-button__link has-secondary-color has-text-color has-link-color has-border-color has-secondary-border-color wp-element-button\" href=\"http:\/\/www.espritlivre.be\/index.php\/inscription-arpentages\/\" style=\"border-width:1px;border-radius:13px;padding-top:var(--wp--preset--spacing--30);padding-bottom:var(--wp--preset--spacing--30);font-style:normal;font-weight:700\" target=\"_blank\" rel=\"noreferrer noopener\">Je m&#8217;inscris<\/a><\/div>\n<\/div>\n\n\n\n<hr class=\"wp-block-separator has-alpha-channel-opacity\"\/>\n\n\n\n<div style=\"height:16px\" aria-hidden=\"true\" class=\"wp-block-spacer\"><\/div>\n\n\n\n<figure class=\"wp-block-image size-large\"><img decoding=\"async\" src=\"https:\/\/scontent.fbru5-1.fna.fbcdn.net\/v\/t39.30808-6\/623821692_742276962292067_1565719714279721714_n.jpg?_nc_cat=103&amp;ccb=1-7&amp;_nc_sid=127cfc&amp;_nc_ohc=LHrUMqglh_4Q7kNvwEB-1BE&amp;_nc_oc=AdlDmCHMYX2kpcoSlkiKo4vuW-mZump9NL5yEKyKBKCqpzNzJGp3RmiE-H8YLlEND9c&amp;_nc_zt=23&amp;_nc_ht=scontent.fbru5-1.fna&amp;_nc_gid=0ObVsRn-gsk-xQKuvc8-tQ&amp;oh=00_AfstU9r9mrHwf56HawzP1lvLVlOxP8573HMCGVJqXV6hXA&amp;oe=698A37C8\" alt=\"\"\/><\/figure>\n\n\n\n<div class=\"wp-block-buttons is-content-justification-center is-layout-flex wp-container-core-buttons-is-layout-c3d5205c wp-block-buttons-is-layout-flex\" style=\"margin-top:0;margin-bottom:0\">\n<div class=\"wp-block-button is-style-outline is-style-outline--2\"><a class=\"wp-block-button__link has-secondary-color has-text-color has-link-color has-border-color has-secondary-border-color wp-element-button\" href=\"http:\/\/www.espritlivre.be\/index.php\/inscription-aux-cafes-menstruels-2026\/\" style=\"border-width:1px;border-radius:13px;padding-top:var(--wp--preset--spacing--30);padding-bottom:var(--wp--preset--spacing--30);font-style:normal;font-weight:700\" target=\"_blank\" rel=\"noreferrer noopener\">Je m&#8217;inscris<\/a><\/div>\n<\/div>\n\n\n\n<hr class=\"wp-block-separator has-alpha-channel-opacity\"\/>\n\n\n\n<div style=\"height:16px\" aria-hidden=\"true\" class=\"wp-block-spacer\"><\/div>\n\n\n\n<figure class=\"wp-block-image size-large\"><img decoding=\"async\" src=\"https:\/\/scontent.fbru5-1.fna.fbcdn.net\/v\/t39.30808-6\/627790920_746603305192766_7209269614258051455_n.jpg?_nc_cat=102&amp;ccb=1-7&amp;_nc_sid=127cfc&amp;_nc_ohc=tS4gt9a-UvYQ7kNvwHiIIf1&amp;_nc_oc=AdmHd5Q2FaQxMzcKIy84tgIkfWooGVWXA8jNtb5izIiTyE5mkNr6aaBzjMZ3NPnaKbU&amp;_nc_zt=23&amp;_nc_ht=scontent.fbru5-1.fna&amp;_nc_gid=Xtc9Q1jdnwRWcHj43Bh6ew&amp;oh=00_AftQmNb3Q2dUSN9z-ueTHlLACIJLXnkN39ItUIUk6D12mg&amp;oe=698A33F2\"\/><\/figure>\n\n\n\n<div class=\"wp-block-buttons is-content-justification-center is-layout-flex wp-container-core-buttons-is-layout-c3d5205c wp-block-buttons-is-layout-flex\" style=\"margin-top:0;margin-bottom:0\">\n<div class=\"wp-block-button is-style-outline is-style-outline--3\"><a class=\"wp-block-button__link has-secondary-color has-text-color has-link-color has-border-color has-secondary-border-color wp-element-button\" href=\"http:\/\/www.espritlivre.be\/index.php\/inscription-formation-et-si-vous-le-disiez-autrement\/\" style=\"border-width:1px;border-radius:13px;padding-top:var(--wp--preset--spacing--30);padding-bottom:var(--wp--preset--spacing--30);font-style:normal;font-weight:700\" target=\"_blank\" rel=\"noreferrer noopener\">inscription<\/a><\/div>\n<\/div>\n\n\n\n<div class=\"wp-block-group wp-block-widget-area wp-block-sidebar is-layout-flow wp-block-group-is-layout-flow\">\n<hr class=\"wp-block-separator has-alpha-channel-opacity\"\/>\n\n\n\n<div class=\"wp-block-group wp-block-widget has-tertiary-bg-color-background-color has-background is-layout-flow wp-block-group-is-layout-flow\" style=\"border-bottom-color:var(--wp--preset--color--primary);border-bottom-width:6px;padding-top:var(--wp--preset--spacing--30);padding-right:var(--wp--preset--spacing--30);padding-bottom:var(--wp--preset--spacing--40);padding-left:var(--wp--preset--spacing--30)\">\n<h2 class=\"wp-block-heading has-text-align-center has-figtree-font-family has-upper-heading-font-size\" id=\"tags\" style=\"margin-top:0px;margin-right:0px;margin-bottom:20px;margin-left:0px;font-style:normal;font-weight:700;text-decoration:underline\">photos D&#8217;ateliers pr\u00e9c\u00e9dents<\/h2>\n\n\n\n<figure class=\"wp-block-gallery has-nested-images columns-default is-cropped wp-block-gallery-4 is-layout-flex wp-block-gallery-is-layout-flex\">\n<figure class=\"wp-block-image size-full has-custom-border is-style-rounded\"><img loading=\"lazy\" decoding=\"async\" width=\"2560\" height=\"1707\" data-id=\"356\" src=\"http:\/\/www.espritlivre.be\/wp-content\/uploads\/2025\/06\/Martin-Dellicour-9352-scaled.jpg\" alt=\"\" class=\"wp-image-356\" style=\"border-radius:100px;aspect-ratio:16\/9;object-fit:cover\" srcset=\"http:\/\/www.espritlivre.be\/wp-content\/uploads\/2025\/06\/Martin-Dellicour-9352-scaled.jpg 2560w, http:\/\/www.espritlivre.be\/wp-content\/uploads\/2025\/06\/Martin-Dellicour-9352-300x200.jpg 300w, http:\/\/www.espritlivre.be\/wp-content\/uploads\/2025\/06\/Martin-Dellicour-9352-1024x683.jpg 1024w, http:\/\/www.espritlivre.be\/wp-content\/uploads\/2025\/06\/Martin-Dellicour-9352-768x512.jpg 768w, http:\/\/www.espritlivre.be\/wp-content\/uploads\/2025\/06\/Martin-Dellicour-9352-1536x1024.jpg 1536w, http:\/\/www.espritlivre.be\/wp-content\/uploads\/2025\/06\/Martin-Dellicour-9352-2048x1365.jpg 2048w, http:\/\/www.espritlivre.be\/wp-content\/uploads\/2025\/06\/Martin-Dellicour-9352-600x400.jpg 600w\" sizes=\"auto, (max-width: 2560px) 100vw, 2560px\" \/><\/figure>\n\n\n\n<figure class=\"wp-block-image size-full has-custom-border is-style-rounded\"><img loading=\"lazy\" decoding=\"async\" width=\"2560\" height=\"1707\" data-id=\"357\" src=\"http:\/\/www.espritlivre.be\/wp-content\/uploads\/2025\/06\/Martin-Dellicour-9372-scaled.jpg\" alt=\"\" class=\"wp-image-357\" style=\"border-radius:100px;aspect-ratio:16\/9;object-fit:cover\" srcset=\"http:\/\/www.espritlivre.be\/wp-content\/uploads\/2025\/06\/Martin-Dellicour-9372-scaled.jpg 2560w, http:\/\/www.espritlivre.be\/wp-content\/uploads\/2025\/06\/Martin-Dellicour-9372-300x200.jpg 300w, http:\/\/www.espritlivre.be\/wp-content\/uploads\/2025\/06\/Martin-Dellicour-9372-1024x683.jpg 1024w, http:\/\/www.espritlivre.be\/wp-content\/uploads\/2025\/06\/Martin-Dellicour-9372-768x512.jpg 768w\" sizes=\"auto, (max-width: 2560px) 100vw, 2560px\" \/><\/figure>\n\n\n\n<figure class=\"wp-block-image size-full has-custom-border is-style-rounded\"><img loading=\"lazy\" decoding=\"async\" width=\"2395\" height=\"2560\" data-id=\"129\" src=\"http:\/\/www.espritlivre.be\/wp-content\/uploads\/2025\/06\/6-scaled.jpeg\" alt=\"\" class=\"wp-image-129\" style=\"border-radius:100px;aspect-ratio:16\/9;object-fit:cover\" srcset=\"http:\/\/www.espritlivre.be\/wp-content\/uploads\/2025\/06\/6-scaled.jpeg 2395w, http:\/\/www.espritlivre.be\/wp-content\/uploads\/2025\/06\/6-281x300.jpeg 281w, http:\/\/www.espritlivre.be\/wp-content\/uploads\/2025\/06\/6-958x1024.jpeg 958w, http:\/\/www.espritlivre.be\/wp-content\/uploads\/2025\/06\/6-768x821.jpeg 768w, http:\/\/www.espritlivre.be\/wp-content\/uploads\/2025\/06\/6-1437x1536.jpeg 1437w, http:\/\/www.espritlivre.be\/wp-content\/uploads\/2025\/06\/6-1916x2048.jpeg 1916w\" sizes=\"auto, (max-width: 2395px) 100vw, 2395px\" \/><\/figure>\n<\/figure>\n<\/div>\n<\/div>\n\n\n\n<p><\/p>\n","protected":false},"excerpt":{"rendered":"<p>ATELIER\/formation \u00e0 venir&#8230; photos D&#8217;ateliers pr\u00e9c\u00e9dents<\/p>\n","protected":false},"author":1,"featured_media":0,"parent":0,"menu_order":0,"comment_status":"closed","ping_status":"closed","template":"","meta":{"_EventAllDay":false,"_EventTimezone":"","_EventStartDate":"","_EventEndDate":"","_EventStartDateUTC":"","_EventEndDateUTC":"","_EventShowMap":false,"_EventShowMapLink":false,"_EventURL":"","_EventCost":"","_EventCostDescription":"","_EventCurrencySymbol":"","_EventCurrencyCode":"","_EventCurrencyPosition":"","_EventDateTimeSeparator":"","_EventTimeRangeSeparator":"","_EventOrganizerID":[],"_EventVenueID":[],"_OrganizerEmail":"","_OrganizerPhone":"","_OrganizerWebsite":"","_VenueAddress":"","_VenueCity":"","_VenueCountry":"","_VenueProvince":"","_VenueState":"","_VenueZip":"","_VenuePhone":"","_VenueURL":"","_VenueStateProvince":"","_VenueLat":"","_VenueLng":"","_VenueShowMap":false,"_VenueShowMapLink":false,"footnotes":""},"class_list":["post-268","page","type-page","status-publish","hentry"],"_links":{"self":[{"href":"http:\/\/www.espritlivre.be\/index.php\/wp-json\/wp\/v2\/pages\/268","targetHints":{"allow":["GET"]}}],"collection":[{"href":"http:\/\/www.espritlivre.be\/index.php\/wp-json\/wp\/v2\/pages"}],"about":[{"href":"http:\/\/www.espritlivre.be\/index.php\/wp-json\/wp\/v2\/types\/page"}],"author":[{"embeddable":true,"href":"http:\/\/www.espritlivre.be\/index.php\/wp-json\/wp\/v2\/users\/1"}],"replies":[{"embeddable":true,"href":"http:\/\/www.espritlivre.be\/index.php\/wp-json\/wp\/v2\/comments?post=268"}],"version-history":[{"count":26,"href":"http:\/\/www.espritlivre.be\/index.php\/wp-json\/wp\/v2\/pages\/268\/revisions"}],"predecessor-version":[{"id":690,"href":"http:\/\/www.espritlivre.be\/index.php\/wp-json\/wp\/v2\/pages\/268\/revisions\/690"}],"wp:attachment":[{"href":"http:\/\/www.espritlivre.be\/index.php\/wp-json\/wp\/v2\/media?parent=268"}],"curies":[{"name":"wp","href":"https:\/\/api.w.org\/{rel}","templated":true}]}}